{"id":12805,"date":"2015-01-06T19:43:31","date_gmt":"2015-01-06T18:43:31","guid":{"rendered":"http:\/\/localhost\/themes\/unicon\/?page_id=12805"},"modified":"2026-02-16T18:18:58","modified_gmt":"2026-02-16T17:18:58","slug":"corinnaschmidt","status":"publish","type":"page","link":"https:\/\/schmidtsolution.de\/?page_id=12805","title":{"rendered":"Corinna Schmidt"},"content":{"rendered":"<p>[vc_row bg_image=&#8220;15817&#8243; parallax_bg=&#8220;true&#8220; bg_color=&#8220;#f9f9f9&#8243; top_padding=&#8220;360&#8243; bottom_padding=&#8220;270&#8243; bg_position=&#8220;left top&#8220;][vc_column width=&#8220;1\/2&#8243;]<div class=\"headline font-special fontsize-inherit fontweight-700 lh-12 align-left transform-uppercase superlarge\" style=\"margin: 0; color: #1cbac8;\">ICH BIN<\/div><h2 class=\"headline font-special fontsize-xxxl fontweight-700 lh-inherit align-left transform-uppercase \" style=\"margin: -20px 0 0px 0; color: #333333;\">Corinna Schmidt<\/h2>[\/vc_column][vc_column width=&#8220;1\/2&#8243;][\/vc_column][\/vc_row][vc_row top_padding=&#8220;100&#8243; bottom_padding=&#8220;100&#8243; bg_position=&#8220;left top&#8220;][vc_column width=&#8220;1\/3&#8243;]<h3 class=\"headline font-special fontsize-l fontweight-700 lh-inherit align-left transform-uppercase \" style=\"margin: 0 0 20px 0; color: #333333;\">\u00dcber mich<\/h3><div class=\"divider divider6\" style='margin:0 !important;'><\/div>[\/vc_column][vc_column width=&#8220;2\/3&#8243;][vc_column_text]<strong>Ver\u00e4nderungen sind der Antrieb stetigen Wandels. <\/strong><\/p>\n<p>Diesem Wandel unterliegt auch der Mensch. W\u00e4hrend viele Menschen versuchen, diesem Naturgesetz zu trotzen, erlebe ich mit jeder Ver\u00e4nderung die Chance zur pers\u00f6nlichen Weiterentwicklung.<\/p>\n<p>Die Facetten des Lebens sind unz\u00e4hlig und potenzieren sich zu noch zahlreicheren Ideen und M\u00f6glichkeiten. Das vernetzte Arbeiten im Team ist ein weiterer Faktor. Welche Vielfalt! Welcher Chancenreichtum.<\/p>\n<p>&nbsp;<\/p>\n<p>Mit dieser positiven Einstellung, der Gelassenheit einer fundierten Wissens- und Erfahrungskultur, sowie der Freude an der Arbeit mit Menschen starte ich in jeden einzelnen Tag\u2026..[\/vc_column_text][\/vc_column][\/vc_row][vc_row bg_color=&#8220;#1cbac8&#8243; text_align=&#8220;center&#8220; top_padding=&#8220;7&#8243; bottom_padding=&#8220;7&#8243; bg_position=&#8220;left top&#8220;][vc_column width=&#8220;1\/1&#8243;]<div class=\"gallery-style-2\">\n\t\t<style type=\"text\/css\">\n\t\t\t#gallery-1 {\n\t\t\t\tmargin: auto;\n\t\t\t}\n\t\t\t#gallery-1 .gallery-item {\n\t\t\t\tfloat: left;\n\t\t\t\tmargin-top: 10px;\n\t\t\t\ttext-align: center;\n\t\t\t\twidth: 12%;\n\t\t\t}\n\t\t\t#gallery-1 img {\n\t\t\t\tborder: 2px solid #cfcfcf;\n\t\t\t}\n\t\t\t#gallery-1 .gallery-caption {\n\t\t\t\tmargin-left: 0;\n\t\t\t}\n\t\t\t\/* see gallery_shortcode() in wp-includes\/media.php *\/\n\t\t<\/style>\n\t\t<div id='gallery-1' class='gallery galleryid-12805 gallery-columns-8 gallery-size-thumbnail'><dl class='gallery-item'>\n\t\t\t<dt class='gallery-icon landscape'>\n\t\t\t\t<a rel=\"prettyPhoto[pp_gal]\" href='https:\/\/schmidtsolution.de\/2016\/wp-content\/uploads\/2016\/08\/Corinna_Schmidt_07.jpg'><img width=\"150\" height=\"150\" src=\"https:\/\/schmidtsolution.de\/2016\/wp-content\/uploads\/2016\/08\/Corinna_Schmidt_07-150x150.jpg\" class=\"attachment-thumbnail size-thumbnail\" alt=\"\" decoding=\"async\" loading=\"lazy\" srcset=\"https:\/\/schmidtsolution.de\/2016\/wp-content\/uploads\/2016\/08\/Corinna_Schmidt_07-150x150.jpg 150w, https:\/\/schmidtsolution.de\/2016\/wp-content\/uploads\/2016\/08\/Corinna_Schmidt_07-300x300.jpg 300w, https:\/\/schmidtsolution.de\/2016\/wp-content\/uploads\/2016\/08\/Corinna_Schmidt_07-768x768.jpg 768w, https:\/\/schmidtsolution.de\/2016\/wp-content\/uploads\/2016\/08\/Corinna_Schmidt_07-1024x1024.jpg 1024w, https:\/\/schmidtsolution.de\/2016\/wp-content\/uploads\/2016\/08\/Corinna_Schmidt_07-80x80.jpg 80w, https:\/\/schmidtsolution.de\/2016\/wp-content\/uploads\/2016\/08\/Corinna_Schmidt_07-500x500.jpg 500w, https:\/\/schmidtsolution.de\/2016\/wp-content\/uploads\/2016\/08\/Corinna_Schmidt_07-1000x1000.jpg 1000w, https:\/\/schmidtsolution.de\/2016\/wp-content\/uploads\/2016\/08\/Corinna_Schmidt_07.jpg 1251w\" sizes=\"(max-width: 150px) 100vw, 150px\" \/><\/a>\n\t\t\t<\/dt><\/dl><dl class='gallery-item'>\n\t\t\t<dt class='gallery-icon landscape'>\n\t\t\t\t<a rel=\"prettyPhoto[pp_gal]\" href='https:\/\/schmidtsolution.de\/2016\/wp-content\/uploads\/2016\/08\/Corinna_Schmidt_05.jpg'><img width=\"150\" height=\"150\" src=\"https:\/\/schmidtsolution.de\/2016\/wp-content\/uploads\/2016\/08\/Corinna_Schmidt_05-150x150.jpg\" class=\"attachment-thumbnail size-thumbnail\" alt=\"\" decoding=\"async\" loading=\"lazy\" srcset=\"https:\/\/schmidtsolution.de\/2016\/wp-content\/uploads\/2016\/08\/Corinna_Schmidt_05-150x150.jpg 150w, https:\/\/schmidtsolution.de\/2016\/wp-content\/uploads\/2016\/08\/Corinna_Schmidt_05-300x300.jpg 300w, https:\/\/schmidtsolution.de\/2016\/wp-content\/uploads\/2016\/08\/Corinna_Schmidt_05-768x768.jpg 768w, https:\/\/schmidtsolution.de\/2016\/wp-content\/uploads\/2016\/08\/Corinna_Schmidt_05-80x80.jpg 80w, https:\/\/schmidtsolution.de\/2016\/wp-content\/uploads\/2016\/08\/Corinna_Schmidt_05-500x500.jpg 500w, https:\/\/schmidtsolution.de\/2016\/wp-content\/uploads\/2016\/08\/Corinna_Schmidt_05.jpg 1000w\" sizes=\"(max-width: 150px) 100vw, 150px\" \/><\/a>\n\t\t\t<\/dt><\/dl><dl class='gallery-item'>\n\t\t\t<dt class='gallery-icon landscape'>\n\t\t\t\t<a rel=\"prettyPhoto[pp_gal]\" href='https:\/\/schmidtsolution.de\/2016\/wp-content\/uploads\/2015\/01\/Corinna_Schmidt_08.jpg'><img width=\"150\" height=\"150\" src=\"https:\/\/schmidtsolution.de\/2016\/wp-content\/uploads\/2015\/01\/Corinna_Schmidt_08-150x150.jpg\" class=\"attachment-thumbnail size-thumbnail\" alt=\"\" decoding=\"async\" loading=\"lazy\" srcset=\"https:\/\/schmidtsolution.de\/2016\/wp-content\/uploads\/2015\/01\/Corinna_Schmidt_08-150x150.jpg 150w, https:\/\/schmidtsolution.de\/2016\/wp-content\/uploads\/2015\/01\/Corinna_Schmidt_08-300x300.jpg 300w, https:\/\/schmidtsolution.de\/2016\/wp-content\/uploads\/2015\/01\/Corinna_Schmidt_08-768x768.jpg 768w, https:\/\/schmidtsolution.de\/2016\/wp-content\/uploads\/2015\/01\/Corinna_Schmidt_08-1024x1024.jpg 1024w, https:\/\/schmidtsolution.de\/2016\/wp-content\/uploads\/2015\/01\/Corinna_Schmidt_08-80x80.jpg 80w, https:\/\/schmidtsolution.de\/2016\/wp-content\/uploads\/2015\/01\/Corinna_Schmidt_08-500x500.jpg 500w, https:\/\/schmidtsolution.de\/2016\/wp-content\/uploads\/2015\/01\/Corinna_Schmidt_08-1000x1000.jpg 1000w, https:\/\/schmidtsolution.de\/2016\/wp-content\/uploads\/2015\/01\/Corinna_Schmidt_08.jpg 1280w\" sizes=\"(max-width: 150px) 100vw, 150px\" \/><\/a>\n\t\t\t<\/dt><\/dl><dl class='gallery-item'>\n\t\t\t<dt class='gallery-icon landscape'>\n\t\t\t\t<a rel=\"prettyPhoto[pp_gal]\" href='https:\/\/schmidtsolution.de\/2016\/wp-content\/uploads\/2015\/01\/Corinna_Schmidt_10.jpg'><img width=\"150\" height=\"150\" src=\"https:\/\/schmidtsolution.de\/2016\/wp-content\/uploads\/2015\/01\/Corinna_Schmidt_10-150x150.jpg\" class=\"attachment-thumbnail size-thumbnail\" alt=\"\" decoding=\"async\" loading=\"lazy\" srcset=\"https:\/\/schmidtsolution.de\/2016\/wp-content\/uploads\/2015\/01\/Corinna_Schmidt_10-150x150.jpg 150w, https:\/\/schmidtsolution.de\/2016\/wp-content\/uploads\/2015\/01\/Corinna_Schmidt_10-80x80.jpg 80w, https:\/\/schmidtsolution.de\/2016\/wp-content\/uploads\/2015\/01\/Corinna_Schmidt_10-500x500.jpg 500w, https:\/\/schmidtsolution.de\/2016\/wp-content\/uploads\/2015\/01\/Corinna_Schmidt_10-1000x1000.jpg 1000w\" sizes=\"(max-width: 150px) 100vw, 150px\" \/><\/a>\n\t\t\t<\/dt><\/dl><dl class='gallery-item'>\n\t\t\t<dt class='gallery-icon landscape'>\n\t\t\t\t<a rel=\"prettyPhoto[pp_gal]\" href='https:\/\/schmidtsolution.de\/2016\/wp-content\/uploads\/2015\/01\/Corinna_Schmidt_12.jpg'><img width=\"150\" height=\"150\" src=\"https:\/\/schmidtsolution.de\/2016\/wp-content\/uploads\/2015\/01\/Corinna_Schmidt_12-150x150.jpg\" class=\"attachment-thumbnail size-thumbnail\" alt=\"\" decoding=\"async\" loading=\"lazy\" srcset=\"https:\/\/schmidtsolution.de\/2016\/wp-content\/uploads\/2015\/01\/Corinna_Schmidt_12-150x150.jpg 150w, https:\/\/schmidtsolution.de\/2016\/wp-content\/uploads\/2015\/01\/Corinna_Schmidt_12-80x80.jpg 80w, https:\/\/schmidtsolution.de\/2016\/wp-content\/uploads\/2015\/01\/Corinna_Schmidt_12-500x500.jpg 500w, https:\/\/schmidtsolution.de\/2016\/wp-content\/uploads\/2015\/01\/Corinna_Schmidt_12-1000x1000.jpg 1000w\" sizes=\"(max-width: 150px) 100vw, 150px\" \/><\/a>\n\t\t\t<\/dt><\/dl><dl class='gallery-item'>\n\t\t\t<dt class='gallery-icon landscape'>\n\t\t\t\t<a rel=\"prettyPhoto[pp_gal]\" href='https:\/\/schmidtsolution.de\/2016\/wp-content\/uploads\/2016\/08\/Corinna_Schmidt_06.jpg'><img width=\"150\" height=\"150\" src=\"https:\/\/schmidtsolution.de\/2016\/wp-content\/uploads\/2016\/08\/Corinna_Schmidt_06-150x150.jpg\" class=\"attachment-thumbnail size-thumbnail\" alt=\"\" decoding=\"async\" loading=\"lazy\" srcset=\"https:\/\/schmidtsolution.de\/2016\/wp-content\/uploads\/2016\/08\/Corinna_Schmidt_06-150x150.jpg 150w, https:\/\/schmidtsolution.de\/2016\/wp-content\/uploads\/2016\/08\/Corinna_Schmidt_06-300x300.jpg 300w, https:\/\/schmidtsolution.de\/2016\/wp-content\/uploads\/2016\/08\/Corinna_Schmidt_06-768x768.jpg 768w, https:\/\/schmidtsolution.de\/2016\/wp-content\/uploads\/2016\/08\/Corinna_Schmidt_06-1024x1024.jpg 1024w, https:\/\/schmidtsolution.de\/2016\/wp-content\/uploads\/2016\/08\/Corinna_Schmidt_06-80x80.jpg 80w, https:\/\/schmidtsolution.de\/2016\/wp-content\/uploads\/2016\/08\/Corinna_Schmidt_06-500x500.jpg 500w, https:\/\/schmidtsolution.de\/2016\/wp-content\/uploads\/2016\/08\/Corinna_Schmidt_06-1000x1000.jpg 1000w, https:\/\/schmidtsolution.de\/2016\/wp-content\/uploads\/2016\/08\/Corinna_Schmidt_06.jpg 1280w\" sizes=\"(max-width: 150px) 100vw, 150px\" \/><\/a>\n\t\t\t<\/dt><\/dl><dl class='gallery-item'>\n\t\t\t<dt class='gallery-icon landscape'>\n\t\t\t\t<a rel=\"prettyPhoto[pp_gal]\" href='https:\/\/schmidtsolution.de\/2016\/wp-content\/uploads\/2015\/01\/Corinna_Schmidt_13.jpg'><img width=\"150\" height=\"150\" src=\"https:\/\/schmidtsolution.de\/2016\/wp-content\/uploads\/2015\/01\/Corinna_Schmidt_13-150x150.jpg\" class=\"attachment-thumbnail size-thumbnail\" alt=\"\" decoding=\"async\" loading=\"lazy\" srcset=\"https:\/\/schmidtsolution.de\/2016\/wp-content\/uploads\/2015\/01\/Corinna_Schmidt_13-150x150.jpg 150w, https:\/\/schmidtsolution.de\/2016\/wp-content\/uploads\/2015\/01\/Corinna_Schmidt_13-300x300.jpg 300w, https:\/\/schmidtsolution.de\/2016\/wp-content\/uploads\/2015\/01\/Corinna_Schmidt_13-768x768.jpg 768w, https:\/\/schmidtsolution.de\/2016\/wp-content\/uploads\/2015\/01\/Corinna_Schmidt_13-1024x1024.jpg 1024w, https:\/\/schmidtsolution.de\/2016\/wp-content\/uploads\/2015\/01\/Corinna_Schmidt_13-80x80.jpg 80w, https:\/\/schmidtsolution.de\/2016\/wp-content\/uploads\/2015\/01\/Corinna_Schmidt_13-500x500.jpg 500w, https:\/\/schmidtsolution.de\/2016\/wp-content\/uploads\/2015\/01\/Corinna_Schmidt_13-1000x1000.jpg 1000w, https:\/\/schmidtsolution.de\/2016\/wp-content\/uploads\/2015\/01\/Corinna_Schmidt_13.jpg 1226w\" sizes=\"(max-width: 150px) 100vw, 150px\" \/><\/a>\n\t\t\t<\/dt><\/dl><dl class='gallery-item'>\n\t\t\t<dt class='gallery-icon landscape'>\n\t\t\t\t<a rel=\"prettyPhoto[pp_gal]\" href='https:\/\/schmidtsolution.de\/2016\/wp-content\/uploads\/2015\/01\/Corinna_Schmidt_14.jpg'><img width=\"150\" height=\"150\" src=\"https:\/\/schmidtsolution.de\/2016\/wp-content\/uploads\/2015\/01\/Corinna_Schmidt_14-150x150.jpg\" class=\"attachment-thumbnail size-thumbnail\" alt=\"\" decoding=\"async\" loading=\"lazy\" srcset=\"https:\/\/schmidtsolution.de\/2016\/wp-content\/uploads\/2015\/01\/Corinna_Schmidt_14-150x150.jpg 150w, https:\/\/schmidtsolution.de\/2016\/wp-content\/uploads\/2015\/01\/Corinna_Schmidt_14-300x300.jpg 300w, https:\/\/schmidtsolution.de\/2016\/wp-content\/uploads\/2015\/01\/Corinna_Schmidt_14-768x768.jpg 768w, https:\/\/schmidtsolution.de\/2016\/wp-content\/uploads\/2015\/01\/Corinna_Schmidt_14-1024x1024.jpg 1024w, https:\/\/schmidtsolution.de\/2016\/wp-content\/uploads\/2015\/01\/Corinna_Schmidt_14-80x80.jpg 80w, https:\/\/schmidtsolution.de\/2016\/wp-content\/uploads\/2015\/01\/Corinna_Schmidt_14-500x500.jpg 500w, https:\/\/schmidtsolution.de\/2016\/wp-content\/uploads\/2015\/01\/Corinna_Schmidt_14-1000x1000.jpg 1000w, https:\/\/schmidtsolution.de\/2016\/wp-content\/uploads\/2015\/01\/Corinna_Schmidt_14.jpg 1256w\" sizes=\"(max-width: 150px) 100vw, 150px\" \/><\/a>\n\t\t\t<\/dt><\/dl><br style=\"clear: both\" \/>\n\t\t<\/div>\n<\/div>[\/vc_column][\/vc_row][vc_row top_padding=&#8220;100&#8243; bg_position=&#8220;left top&#8220;][vc_column width=&#8220;1\/4&#8243;]<h3 class=\"headline font-special fontsize-l fontweight-700 lh-inherit align-left transform-uppercase \" style=\"margin: 0 0 20px 0; color: #333333;\">Akademischer Grad<\/h3><div class=\"divider divider6\" style='margin:0 !important;'><\/div>[\/vc_column][vc_column width=&#8220;3\/4&#8243;]<div class=\"minti_list wpb_content_element color-accent plus\" style=\"\"><strong>2024<\/strong><\/p>\n<ul>\n<li><strong>Promotion,\u00a0<\/strong>TU Dortmund, FB Maschinenbau | Thema: Auditieren von 3D-Druckprozessen &#8211; Kompetenzanforderungen und Bedeutung f\u00fcr Konstruktion und Entwicklung<\/li>\n<\/ul>\n<p>&nbsp;<\/p>\n<p><strong>2016<\/strong><\/p>\n<ul>\n<li><strong>Studium: Technik- und Unternehmensmanagement<\/strong>, FH S\u00fcdwestfalen Soest\u00a0| Abschluss: Master of Engineering | 2015-2016<\/li>\n<\/ul>\n<p>&nbsp;<\/p>\n<p><strong>2014<\/strong><\/p>\n<ul>\n<li><strong>Studium: Design- und Projektmanagement<\/strong>, FH S\u00fcdwestfalen Soest\u00a0|\u00a0Schwerpunkt: Technik | Abschluss: sehr gut mit Auszeichnung | 2011-2014<\/li>\n<li><strong>Erg\u00e4nzungsstudium: REFA-Ingenieur<\/strong> | FH S\u00fcdwestfalen Soest | 2012-2014<\/li>\n<\/ul>\n<\/div>[\/vc_column][\/vc_row][vc_row top_padding=&#8220;100&#8243; bottom_padding=&#8220;50&#8243; bg_position=&#8220;left top&#8220;][vc_column width=&#8220;1\/4&#8243;]<h3 class=\"headline font-special fontsize-l fontweight-700 lh-inherit align-left transform-uppercase \" style=\"margin: 0 0 20px 0; color: #333333;\">Qualifikationen<\/h3><div class=\"divider divider6\" style='margin:0 !important;'><\/div>[\/vc_column][vc_column width=&#8220;3\/4&#8243;]<div class=\"minti_list wpb_content_element color-accent plus\" style=\"\"><strong>2025<\/strong><\/p>\n<ul>\n<li><strong>&#8222;KI und wissenschaftlich Schreiben in der Fachlehre&#8220;,\u00a0<\/strong>TU Dortmund<\/li>\n<li><strong>&#8222;Transparent und fair bewerten: Kriterienraster entwickeln&#8220;<\/strong>\u00a0, TU Dortmund<\/li>\n<li><strong>Einf\u00fchrung und Implementierung eines Managementsystems nach DIN EN ISO 13485:2016 &#8211; Medizinprodukte,<\/strong> T\u00dcV\u00a0S\u00fcd Akademie GmbH<\/li>\n<li><strong>Einf\u00fchrung und Implementierung normativer Anforderungen nach DIN EN ISO 15378 &#8211; Prim\u00e4rpackmittel &#8211; Medizintechnik<\/strong><\/li>\n<\/ul>\n<p>&nbsp;<\/p>\n<p><strong>2024<\/strong><\/p>\n<ul>\n<li><strong>Weiterqualifizierungsprogramm HAW-Professur<\/strong>, Uni Kassel, Hochschule Fulda<\/li>\n<li><strong>Antragswerkstatt (Drittmittelprojekte)<\/strong>, TU Dortmund<\/li>\n<\/ul>\n<p>&nbsp;<\/p>\n<p><strong>2023<\/strong><\/p>\n<ul>\n<li>bis heute: <strong>NRW-Zertifikat &#8222;Professionelle Lehrkompetenz f\u00fcr die Hochschule<\/strong>, TU Dortmund<\/li>\n<li><strong>Ausbildung zum Auditor<\/strong> <strong>Qualit\u00e4t<\/strong>,\u00a0DGQ Weiterbildung GmbH<\/li>\n<\/ul>\n<p>&nbsp;<\/p>\n<p><strong>2022<\/strong><\/p>\n<ul>\n<li><strong>Qualit\u00e4tsassistent QA-T\u00dcV<\/strong>, T\u00dcV S\u00fcd<\/li>\n<li><strong>Forschungsmethode Mixed Methode<\/strong>, Dr. Stefan R\u00e4diker<\/li>\n<li><b>Ritter\u00a0Konzept Deep Reading<\/b>, Lifemind GmbH, M\u00fcnchen<\/li>\n<li><strong>Lesestrategien: Wissenschaftliche Texte lesen,\u00a0<\/strong><b>verstehen und erinnern<\/b>, TU Dortmund<\/li>\n<li><strong>Grundlagen der Forschungsmethoden<\/strong>, Dr. Stefan R\u00e4diker<\/li>\n<li><strong>Risikoananalyse FMEA mit IQ-Software APIS<\/strong>, APIS GmbH<\/li>\n<\/ul>\n<p>&nbsp;<\/p>\n<p><strong>2021<\/strong><\/p>\n<ul>\n<li><strong>Design Thinking<\/strong>, TU Dortmund<\/li>\n<\/ul>\n<p>&nbsp;<\/p>\n<p><strong>2020<\/strong><\/p>\n<ul>\n<li><strong>Innovationsmanagement, Schutz des geistigen Eigentums, Patente<\/strong>, TU Dortmund<\/li>\n<li><strong>Agiles Qualit\u00e4tsmanagement<\/strong>, Management Circle<\/li>\n<\/ul>\n<p>&nbsp;<\/p>\n<p><strong>2019<\/strong><\/p>\n<ul>\n<li><strong>Impulstag Design Thinking<\/strong>, Hagen<\/li>\n<\/ul>\n<p>&nbsp;<\/p>\n<p><strong>2018<\/strong><\/p>\n<ul>\n<li><strong>Visualisierungstechnik<\/strong>, Bikablo Akademie<\/li>\n<li><b>Grundlagen der Additiven Fertigung (3D-Druck)<\/b><\/li>\n<\/ul>\n<p>&nbsp;<\/p>\n<p><strong>2017<\/strong><\/p>\n<ul>\n<li><b>Weiterbildung zum Moderator nach Metaplan<\/b>, Fachhochschule S\u00fcdwestfalen, Soest<\/li>\n<li><strong>Lehrgang Agiles Projektmanagement &#8211; Product Owner<\/strong>, Haufe Akademie<\/li>\n<li><b>Zertifikatslehrgang Entwicklung und Management von Forschungsprojekten<\/b>, EMF &#8211; Universit\u00e4t Kassel<\/li>\n<\/ul>\n<p>&nbsp;<\/p>\n<p><strong>2016<\/strong><\/p>\n<ul>\n<li><b>SCRUM<\/b>, Haufe-Akademie, K\u00f6ln<\/li>\n<li><strong>Agiles Projektmangement<\/strong>, Haufe-Akademie, K\u00f6ln<\/li>\n<li><strong>Design Thinking<\/strong>, Hasso Plattner Institut, HPI, Potsdam<\/li>\n<\/ul>\n<p>&nbsp;<\/p>\n<p><strong>2015<\/strong><\/p>\n<ul>\n<li>Probleml\u00f6sungsmethode nach <strong>Kepner Tregoe<\/strong>, KT Berlin<\/li>\n<li><strong>Effizientes L\u00f6sen von Qualit\u00e4tsproblemen<\/strong>, VDI N\u00fcrnberg<\/li>\n<li><strong>Ausbildung Q-Manager<\/strong>, DGQ<\/li>\n<li><strong>Lean<\/strong> <strong>Six Sigma Black Belt Ausbildung<\/strong>, Six Sigma Deutschland \u00a0GmbH (Zertifizierung) | 2014-2015<\/li>\n<\/ul>\n<p>&nbsp;<\/p>\n<p><strong>2014<\/strong><\/p>\n<ul>\n<li><strong>Wertstrom Design<\/strong>, Staufen AG<\/li>\n<li><strong>Lean<\/strong> <strong>Six Sigma Green Belt Ausbildung<\/strong>, Six Sigma Deutschland GmbH (Zertifizierung)<\/li>\n<li><strong>Ausbildung zum CE-Koordinator<\/strong>\u00a0 I.S.A. | Kooperation I.S.A. mit der FH-SWF Soest und der FH Bochum\u00a0|\u00a0Abschluss: 1,0<\/li>\n<\/ul>\n<p>&nbsp;<\/p>\n<p><strong>vorher<\/strong><\/p>\n<ul>\n<li><strong>Pr\u00fcfung zum QMB und internen Auditor<\/strong> | DGQ | 2013<\/li>\n<\/ul>\n<ul>\n<li><strong>Pr\u00fcferschulung<\/strong> | IHK zu Arnsberg | 2010<\/li>\n<li><strong>Ausbildung zum Projektleiter<\/strong> | IHK\u00a0| 2010<\/li>\n<li><strong>Ausbildung: staatl. gepr\u00fcfte \u00dcbersetzerin (Englisch)<\/strong> | 1998-2003<\/li>\n<li><strong>Ausbildung zur Fremdsprachenkauffrau IHK<\/strong> | 1995-1997<\/li>\n<li><strong>Ausbildereignungspr\u00fcfung <\/strong>| IHK zu Arnsberg | 1992<\/li>\n<li><strong>Lehrgang technologische Grundlagen &#8211;\u00a0<\/strong>Kautschuktechnologie |\u00a0REFA Darmstadt | 1991<\/li>\n<\/ul>\n<p><strong><br \/>\nErg\u00e4nzende T\u00e4tigkeiten<\/strong><\/p>\n<ul>\n<li><strong>Stellvertretende Regionalkreisleitung <\/strong>| DGQ\u00a0S\u00fcdwestfalen | 02\/2016<\/li>\n<li><strong>Ehrenamtliche Pr\u00fcfert\u00e4tigkeit<\/strong>\u00a0|\u00a0IHK Arnsberg\u00a0in diversen\u00a0Pr\u00fcfungsaussch\u00fcssen | seit 1997<\/li>\n<li><strong>Ehrenamtliche Teilnahme an der Bewertung von Businesspl\u00e4nen<\/strong>\u00a0| Hubertus Schwartz Berufskollegs, Soest | seit 2008<\/li>\n<li><strong>Organisation innerbetrieblicher Sprachkurse<\/strong>\u00a0und Pr\u00fcfungsvorbereitungen, sowie Ausbildungsunterricht<\/li>\n<\/ul>\n<\/div>[\/vc_column][\/vc_row][vc_row top_padding=&#8220;100&#8243; bottom_padding=&#8220;50&#8243; bg_position=&#8220;left top&#8220;][vc_column width=&#8220;1\/4&#8243;]<h3 class=\"headline font-special fontsize-l fontweight-700 lh-inherit align-left transform-uppercase \" style=\"margin: 0 0 20px 0; color: #333333;\">Ehrenamt und Engagement<\/h3><div class=\"divider divider6\" style='margin:0 !important;'><\/div>[\/vc_column][vc_column width=&#8220;3\/4&#8243;]<div class=\"minti_list wpb_content_element color-accent plus\" style=\"\">\n<ul>\n<li><strong>Delegierte der DGQ in Frankfurt<\/strong><\/li>\n<li><strong>Regionalkreisleitung der DGK in S\u00fcdwestfalen<\/strong><\/li>\n<li><strong>Pr\u00fcferin der IHK<\/strong><\/li>\n<\/ul>\n<\/div>[\/vc_column][\/vc_row][vc_row top_padding=&#8220;50&#8243; bottom_padding=&#8220;100&#8243; bg_position=&#8220;left top&#8220;][vc_column width=&#8220;1\/4&#8243;]<h3 class=\"headline font-special fontsize-l fontweight-700 lh-inherit align-left transform-uppercase \" style=\"margin: 0 0 20px 0; color: #333333;\">Interessen-<br \/>\nschwerpunkte<\/h3><div class=\"divider divider6\" style='margin:0 !important;'><\/div>[\/vc_column][vc_column width=&#8220;1\/4&#8243;][vc_column_text]<ul class=\"styled-list fa-ul\"><li><i class=\"fa fa-check-circle\"><\/i><strong>Qualit\u00e4tsmanagement<\/strong><\/li><li><i class=\"fa fa-check-circle\"><\/i>Probleml\u00f6sung<\/li><li><i class=\"fa fa-check-circle\"><\/i>Coaching<\/li><li><i class=\"fa fa-check-circle\"><\/i>Projektmanagement<\/li><li><i class=\"fa fa-check-circle\"><\/i>Prozessoptimierung<\/li>\u00a0<\/ul>[\/vc_column_text][vc_column_text][\/vc_column_text][\/vc_column][vc_column width=&#8220;1\/4&#8243;][vc_column_text]<ul class=\"styled-list fa-ul\"><li><i class=\"fa fa-check-circle\"><\/i><strong>Strategieentwicklung<\/strong><\/li><li><i class=\"fa fa-check-circle\"><\/i>Design Thinking<\/li><li><i class=\"fa fa-check-circle\"><\/i>Lean Six Sigma<\/li><li><i class=\"fa fa-check-circle\"><\/i>REFA Ingenieur<\/li><li><i class=\"fa fa-check-circle\"><\/i>Komplexit\u00e4tsmanagement<\/li><\/ul>[\/vc_column_text][\/vc_column][vc_column width=&#8220;1\/4&#8243;][vc_column_text]<ul class=\"styled-list fa-ul\"><li><i class=\"fa fa-check-circle\"><\/i><strong>Unternehmensberatung<\/strong><\/li><li><i class=\"fa fa-check-circle\"><\/i>Kundenorientierung<\/li><li><i class=\"fa fa-check-circle\"><\/i>Wertstromanalyse und -design<\/li><li><i class=\"fa fa-check-circle\"><\/i>Sprachkompetenz<\/li><li><i class=\"fa fa-check-circle\"><\/i>Kreatives Schreiben<\/li>\u00a0<\/ul>[\/vc_column_text][\/vc_column][\/vc_row][vc_row type=&#8220;full_width_section&#8220;][vc_column width=&#8220;1\/1&#8243;]<div class=\"single_image wpb_content_element align-left    \" data-animation=\"none\" data-delay=\"0\"><img width=\"1920\" height=\"941\" src=\"https:\/\/schmidtsolution.de\/2016\/wp-content\/uploads\/2015\/01\/Corinna_Schmidt_04a.jpg\" class=\"attachment-full\" alt=\"\" decoding=\"async\" loading=\"lazy\" title=\"Corinna_Schmidt_04a\" srcset=\"https:\/\/schmidtsolution.de\/2016\/wp-content\/uploads\/2015\/01\/Corinna_Schmidt_04a.jpg 1920w, https:\/\/schmidtsolution.de\/2016\/wp-content\/uploads\/2015\/01\/Corinna_Schmidt_04a-300x147.jpg 300w, https:\/\/schmidtsolution.de\/2016\/wp-content\/uploads\/2015\/01\/Corinna_Schmidt_04a-768x376.jpg 768w, https:\/\/schmidtsolution.de\/2016\/wp-content\/uploads\/2015\/01\/Corinna_Schmidt_04a-1024x502.jpg 1024w\" sizes=\"(max-width: 1920px) 100vw, 1920px\" \/><\/div>[\/vc_column][\/vc_row]<\/p>\n","protected":false},"excerpt":{"rendered":"<p>[vc_row bg_image=&#8220;15817&#8243; parallax_bg=&#8220;true&#8220; bg_color=&#8220;#f9f9f9&#8243; top_padding=&#8220;360&#8243; bottom_padding=&#8220;270&#8243; bg_position=&#8220;left top&#8220;][vc_column width=&#8220;1\/2&#8243;][\/vc_column][vc_column width=&#8220;1\/2&#8243;][\/vc_column][\/vc_row][vc_row top_padding=&#8220;100&#8243; bottom_padding=&#8220;100&#8243; bg_position=&#8220;left top&#8220;][vc_column width=&#8220;1\/3&#8243;][\/vc_column][vc_column width=&#8220;2\/3&#8243;][vc_column_text]Ver\u00e4nderungen sind der Antrieb stetigen Wandels. Diesem Wandel unterliegt auch der Mensch. W\u00e4hrend viele Menschen versuchen, diesem Naturgesetz zu trotzen, erlebe ich mit jeder Ver\u00e4nderung die Chance zur pers\u00f6nlichen Weiterentwicklung. Die Facetten des Lebens sind unz\u00e4hlig und potenzieren sich zu noch zahlreicheren Ideen und M\u00f6glichkeiten. Das vernetzte Arbeiten im Team ist ein weiterer Faktor. Welche Vielfalt! Welcher Chancenreichtum. &nbsp; Mit dieser positiven Einstellung, der Gelassenheit einer fundierten Wissens- und Erfahrungskultur, sowie der Freude an der Arbeit mit Menschen starte ich in jeden einzelnen Tag\u2026..[\/vc_column_text][\/vc_column][\/vc_row][vc_row bg_color=&#8220;#1cbac8&#8243; text_align=&#8220;center&#8220; top_padding=&#8220;7&#8243; bottom_padding=&#8220;7&#8243; bg_position=&#8220;left top&#8220;][vc_column width=&#8220;1\/1&#8243;][\/vc_column][\/vc_row][vc_row top_padding=&#8220;100&#8243; bg_position=&#8220;left top&#8220;][vc_column width=&#8220;1\/4&#8243;][\/vc_column][vc_column width=&#8220;3\/4&#8243;][\/vc_column][\/vc_row][vc_row top_padding=&#8220;100&#8243; bottom_padding=&#8220;50&#8243; bg_position=&#8220;left top&#8220;][vc_column width=&#8220;1\/4&#8243;][\/vc_column][vc_column width=&#8220;3\/4&#8243;][\/vc_column][\/vc_row][vc_row top_padding=&#8220;100&#8243; bottom_padding=&#8220;50&#8243; bg_position=&#8220;left top&#8220;][vc_column width=&#8220;1\/4&#8243;][\/vc_column][vc_column width=&#8220;3\/4&#8243;][\/vc_column][\/vc_row][vc_row top_padding=&#8220;50&#8243; bottom_padding=&#8220;100&#8243; bg_position=&#8220;left top&#8220;][vc_column width=&#8220;1\/4&#8243;][\/vc_column][vc_column width=&#8220;1\/4&#8243;][vc_column_text][\/vc_column_text][vc_column_text][\/vc_column_text][\/vc_column][vc_column width=&#8220;1\/4&#8243;][vc_column_text][\/vc_column_text][\/vc_column][vc_column width=&#8220;1\/4&#8243;][vc_column_text][\/vc_column_text][\/vc_column][\/vc_row][vc_row type=&#8220;full_width_section&#8220;][vc_column width=&#8220;1\/1&#8243;][\/vc_column][\/vc_row]<\/p>\n","protected":false},"author":1,"featured_media":0,"parent":5687,"menu_order":0,"comment_status":"open","ping_status":"closed","template":"","meta":[],"_links":{"self":[{"href":"https:\/\/schmidtsolution.de\/index.php?rest_route=\/wp\/v2\/pages\/12805"}],"collection":[{"href":"https:\/\/schmidtsolution.de\/index.php?rest_route=\/wp\/v2\/pages"}],"about":[{"href":"https:\/\/schmidtsolution.de\/index.php?rest_route=\/wp\/v2\/types\/page"}],"author":[{"embeddable":true,"href":"https:\/\/schmidtsolution.de\/index.php?rest_route=\/wp\/v2\/users\/1"}],"replies":[{"embeddable":true,"href":"https:\/\/schmidtsolution.de\/index.php?rest_route=%2Fwp%2Fv2%2Fcomments&post=12805"}],"version-history":[{"count":44,"href":"https:\/\/schmidtsolution.de\/index.php?rest_route=\/wp\/v2\/pages\/12805\/revisions"}],"predecessor-version":[{"id":16043,"href":"https:\/\/schmidtsolution.de\/index.php?rest_route=\/wp\/v2\/pages\/12805\/revisions\/16043"}],"up":[{"embeddable":true,"href":"https:\/\/schmidtsolution.de\/index.php?rest_route=\/wp\/v2\/pages\/5687"}],"wp:attachment":[{"href":"https:\/\/schmidtsolution.de\/index.php?rest_route=%2Fwp%2Fv2%2Fmedia&parent=12805"}],"curies":[{"name":"wp","href":"https:\/\/api.w.org\/{rel}","templated":true}]}}