{"id":15296,"date":"2015-07-21T14:13:47","date_gmt":"2015-07-21T12:13:47","guid":{"rendered":"http:\/\/uniconxml.mintithemes.com\/?page_id=15256"},"modified":"2016-11-28T20:48:34","modified_gmt":"2016-11-28T19:48:34","slug":"innovation","status":"publish","type":"page","link":"https:\/\/schmidtsolution.de\/?page_id=15296","title":{"rendered":"Innovation"},"content":{"rendered":"<p>[vc_row type=&#8220;full_width_section&#8220; bg_image=&#8220;15887&#8243;][vc_column animation=&#8220;fade-in-from-left&#8220; column_padding=&#8220;padding-3&#8243; width=&#8220;1\/1&#8243;][vc_column_text]<\/p>\n<h1 style=\"padding-left: 35px; font-family: Montserrat; font-size: 46px; font-weight: 400;\"><span style=\"color: #4d4d4d;\">AGILIT\u00c4T \u00a0| KREATIVIT\u00c4T<\/span><\/h1>\n<h1 style=\"padding-left: 35px; font-family: Montserrat; font-size: 46px; font-weight: 400;\"><span style=\"color: #4d4d4d;\">DESIGN THINKING | MENSCH<\/span><\/h1>\n<h1 style=\"padding-left: 35px; font-family: Montserrat; font-size: 46px; font-weight: 400;\"><span style=\"color: #4d4d4d;\">BUSINESS | SIX SIGMA<\/span><\/h1>\n<h1 style=\"padding-left: 35px; font-family: Montserrat; font-size: 46px; font-weight: 400;\"><span style=\"color: #4d4d4d;\">MODERATIONSTECHNIKEN<\/span><\/h1>\n<h1 style=\"padding-left: 35px; font-family: Montserrat; font-size: 46px; font-weight: 400;\"><span style=\"color: #4d4d4d;\">INNOVATION | KULTUR<\/span><\/h1>\n<h1 style=\"padding-left: 35px; font-family: Montserrat; font-size: 46px; font-weight: 400;\"><span style=\"color: #4d4d4d;\">WERTE | KOMMUNIKATION<\/span><\/h1>\n<p>[\/vc_column_text][\/vc_column][\/vc_row][vc_row top_padding=&#8220;100&#8243; bottom_padding=&#8220;0&#8243;][vc_column width=&#8220;1\/4&#8243;]<h3 class=\"headline font-special fontsize-xl fontweight-700 lh-inherit align-left transform-uppercase \" style=\"margin: 0 0 20px 0; color: #333333;\">INNOVATION<\/h3><div class=\"divider divider6\" style='margin:0 !important;'><\/div>[\/vc_column][vc_column width=&#8220;3\/4&#8243;][vc_column_text]Innovationen sind die einzige M\u00f6glichkeit f\u00fcr ein Unternehmen\/eine Organisation langfristig zu \u00fcberleben. Wettbewerbsvorteile herauszuarbeiten und Alleinstellungsmerkmale zu generieren ist die unternehmerische Herausforderung unserer Zeit. Die Globalisierung und der starke Wettbewerbsdruck einer vernetzten Weltwirtschaft haben zu einem Paradigmenwechsel gef\u00fchrt.<\/p>\n<p><strong>Doch wie werden Innovationen \u201egemacht\u201c ? Wie motiviert\u00a0man Mitarbeiter und Teams kreativ zu arbeiten?<\/strong><\/p>\n<p>Leider fehlt bei vielen Dingen und Fragestellungen mit denen wir uns im Unternehmen und auch privat besch\u00e4ftigen die Leichtigkeit \u2013 der Fluss. Es liegt daran, dass wir krampfhaft versuchen einen vorhandenen Weg zu beschreiten, um Neuland zu entdecken. Leider sind wichtige Wegbegleiter abhandengekommen \u2013 die Freude an dem was wir tun und der Luxus sich Zeit f\u00fcr etwas zu nehmen. Einen Reifegrad zu erreichen hat immer etwas damit zu tun, wie viel Zeit und Energie investiert wurde.[\/vc_column_text][\/vc_column][\/vc_row][vc_row top_padding=&#8220;50&#8243; bottom_padding=&#8220;50&#8243;][vc_column width=&#8220;1\/4&#8243;][vc_column_text]<strong>Schnittmengenmodell &#8222;Innovation&#8220;<\/strong><\/p>\n<p>Leider \u00fcbersehen viele Menschen, dass Innovationen von jeder Person im Unternehmen angesto\u00dfen werden k\u00f6nnen. Es sind nicht nur Entwicklungsabteilungen und Entwickler die den Innovationsprozess in Gang setzen. Das Modell zeigt das ganzheitliche Zusammenwirken in einer Organisation.[\/vc_column_text][\/vc_column][vc_column width=&#8220;3\/4&#8243;]<div class=\"single_image wpb_content_element align-left  animate   \" data-animation=\"fade-in-from-right\" data-delay=\"0\"><a href=\"https:\/\/schmidtsolution.de\/2016\/wp-content\/uploads\/2015\/07\/Innovation_web_Grafik.png\" class=\"prettyPhoto\" rel=\"prettyPhoto[image]\"><img width=\"2667\" height=\"1667\" src=\"https:\/\/schmidtsolution.de\/2016\/wp-content\/uploads\/2015\/07\/Innovation_web_Grafik.png\" class=\"attachment-full\" alt=\"\" decoding=\"async\" loading=\"lazy\" title=\"Innovation_web_Grafik\" srcset=\"https:\/\/schmidtsolution.de\/2016\/wp-content\/uploads\/2015\/07\/Innovation_web_Grafik.png 2667w, https:\/\/schmidtsolution.de\/2016\/wp-content\/uploads\/2015\/07\/Innovation_web_Grafik-300x188.png 300w, https:\/\/schmidtsolution.de\/2016\/wp-content\/uploads\/2015\/07\/Innovation_web_Grafik-768x480.png 768w, https:\/\/schmidtsolution.de\/2016\/wp-content\/uploads\/2015\/07\/Innovation_web_Grafik-1024x640.png 1024w\" sizes=\"(max-width: 2667px) 100vw, 2667px\" \/><\/a><span class=\"single_image_caption\">Abbildung: In Anlehnung an ???<\/span><\/div>[vc_column_text]Innovation sind in Zeiten ges\u00e4ttigter M\u00e4rkte nahezu die einzige M\u00f6glichkeit Marktanteile zu sichern und zu mehren. Sie sichern somit die Zukunft des Unternehmens und umfassen Neuerung, Neugestaltung, Neusch\u00f6pfung, Ver\u00e4nderung. Praktische Implementierung technischen Wissens in neue oder verbesserte Materialien,Produkte und Produktionsverfahren. Die Mehrzahl der Innovationen resultiert aus neuartigen Kombinationen im Prinzip bereits bekannter Verfahren, Systeme oder Produkte.<\/p>\n<p>M\u00f6gliche Innovationsfelder:<\/p>\n<p style=\"padding-left: 60px;\">\u2022 Entwicklung, Herstellung und Vermarktung neuer Produkte\/Dienstleistungen\/Verfahren<\/p>\n<p style=\"padding-left: 60px;\">\u2022 Gestaltung neuer Organisationsstrukturen<\/p>\n<p style=\"padding-left: 60px;\">\u2022 Erschlie\u00dfung neuer Absatzm\u00e4rkte<\/p>\n<p style=\"padding-left: 60px;\">\u2022 Neue F\u00fchrungsmethoden<\/p>\n<p style=\"padding-left: 60px;\">\u2022 Neue soziale Beziehungen im Unternehmen<\/p>\n<p style=\"padding-left: 60px;\">\u2022 Netzwerkgestaltung<\/p>\n<p>Innovationen entstehen in der Schnittstelle aus dem technisch Realisierbaren, dem W\u00fcnschenswerten (Kundenanforderungen- und W\u00fcnsche) und dem wirtschaftlich Umsetzbarem.<\/p>\n<p>Mit unseren methodischen Ans\u00e4tzen fordern und f\u00f6rdern wir die Kreativit\u00e4t Ihrer Mitarbeiter und der Teams. Interdisziplinarit\u00e4t wird gro\u00df geschrieben und forciert.<\/p>\n<p><b>Innovationen erfordern eine Unternehmenskultur und Denkhaltung der Wertsch\u00e4tzung, Offenheit und Toleranz.<\/b>[\/vc_column_text][\/vc_column][\/vc_row]<\/p>\n","protected":false},"excerpt":{"rendered":"<p>[vc_row type=&#8220;full_width_section&#8220; bg_image=&#8220;15887&#8243;][vc_column animation=&#8220;fade-in-from-left&#8220; column_padding=&#8220;padding-3&#8243; width=&#8220;1\/1&#8243;][vc_column_text] AGILIT\u00c4T \u00a0| KREATIVIT\u00c4T DESIGN THINKING | MENSCH BUSINESS | SIX SIGMA MODERATIONSTECHNIKEN INNOVATION | KULTUR WERTE | KOMMUNIKATION [\/vc_column_text][\/vc_column][\/vc_row][vc_row top_padding=&#8220;100&#8243; bottom_padding=&#8220;0&#8243;][vc_column width=&#8220;1\/4&#8243;][\/vc_column][vc_column width=&#8220;3\/4&#8243;][vc_column_text]Innovationen sind die einzige M\u00f6glichkeit f\u00fcr ein Unternehmen\/eine Organisation langfristig zu \u00fcberleben. Wettbewerbsvorteile herauszuarbeiten und Alleinstellungsmerkmale zu generieren ist die unternehmerische Herausforderung unserer Zeit. Die Globalisierung und der starke Wettbewerbsdruck einer vernetzten Weltwirtschaft haben zu einem Paradigmenwechsel gef\u00fchrt. Doch wie werden Innovationen \u201egemacht\u201c ? Wie motiviert\u00a0man Mitarbeiter und Teams kreativ zu arbeiten? Leider fehlt bei vielen Dingen und Fragestellungen mit denen wir uns im Unternehmen und auch privat besch\u00e4ftigen die Leichtigkeit \u2013 der Fluss. Es liegt daran, dass wir krampfhaft versuchen einen vorhandenen Weg zu beschreiten, um Neuland zu entdecken. Leider sind wichtige Wegbegleiter abhandengekommen \u2013 die Freude an dem was wir tun und der Luxus sich Zeit f\u00fcr etwas zu nehmen. Einen Reifegrad zu erreichen hat immer etwas damit zu tun, wie viel Zeit und Energie investiert wurde.[\/vc_column_text][\/vc_column][\/vc_row][vc_row top_padding=&#8220;50&#8243; bottom_padding=&#8220;50&#8243;][vc_column width=&#8220;1\/4&#8243;][vc_column_text]Schnittmengenmodell &#8222;Innovation&#8220; Leider \u00fcbersehen viele Menschen, dass Innovationen von jeder Person im Unternehmen angesto\u00dfen werden k\u00f6nnen. Es sind nicht nur Entwicklungsabteilungen und Entwickler die den Innovationsprozess in Gang setzen. Das Modell zeigt das ganzheitliche Zusammenwirken in einer Organisation.[\/vc_column_text][\/vc_column][vc_column width=&#8220;3\/4&#8243;][vc_column_text]Innovation sind in [&hellip;]<\/p>\n","protected":false},"author":1,"featured_media":0,"parent":11366,"menu_order":0,"comment_status":"open","ping_status":"closed","template":"","meta":[],"_links":{"self":[{"href":"https:\/\/schmidtsolution.de\/index.php?rest_route=\/wp\/v2\/pages\/15296"}],"collection":[{"href":"https:\/\/schmidtsolution.de\/index.php?rest_route=\/wp\/v2\/pages"}],"about":[{"href":"https:\/\/schmidtsolution.de\/index.php?rest_route=\/wp\/v2\/types\/page"}],"author":[{"embeddable":true,"href":"https:\/\/schmidtsolution.de\/index.php?rest_route=\/wp\/v2\/users\/1"}],"replies":[{"embeddable":true,"href":"https:\/\/schmidtsolution.de\/index.php?rest_route=%2Fwp%2Fv2%2Fcomments&post=15296"}],"version-history":[{"count":22,"href":"https:\/\/schmidtsolution.de\/index.php?rest_route=\/wp\/v2\/pages\/15296\/revisions"}],"predecessor-version":[{"id":15963,"href":"https:\/\/schmidtsolution.de\/index.php?rest_route=\/wp\/v2\/pages\/15296\/revisions\/15963"}],"up":[{"embeddable":true,"href":"https:\/\/schmidtsolution.de\/index.php?rest_route=\/wp\/v2\/pages\/11366"}],"wp:attachment":[{"href":"https:\/\/schmidtsolution.de\/index.php?rest_route=%2Fwp%2Fv2%2Fmedia&parent=15296"}],"curies":[{"name":"wp","href":"https:\/\/api.w.org\/{rel}","templated":true}]}}