{"id":5687,"date":"2014-03-24T08:49:41","date_gmt":"2014-03-24T07:49:41","guid":{"rendered":"http:\/\/localhost:8888\/themes\/ventory\/?page_id=5687"},"modified":"2026-02-06T12:12:35","modified_gmt":"2026-02-06T11:12:35","slug":"unternehmen-2","status":"publish","type":"page","link":"https:\/\/schmidtsolution.de\/?page_id=5687","title":{"rendered":"Unternehmen"},"content":{"rendered":"<p>[vc_row bg_image=&#8220;15853&#8243; bg_color=&#8220;#f9f9f9&#8243; top_padding=&#8220;290&#8243; bottom_padding=&#8220;200&#8243;][vc_column width=&#8220;1\/1&#8243;]<h1 class=\"headline font-special fontsize-xxxl fontweight-inherit lh-inherit align-center transform-uppercase \" style=\"margin: 130px 0 0 0; color: #ffffff;\">\n<div style=\"background-color: #99ccff;\">Innovationen <strong>am Puls der Zeit!<\/strong><\/div>\n<\/h1>[\/vc_column][\/vc_row][vc_row top_padding=&#8220;50&#8243; bottom_padding=&#8220;0&#8243; bg_position=&#8220;center center&#8220;][vc_column width=&#8220;2\/3&#8243;][vc_column_text]<strong>Leitbild<\/strong><\/p>\n<p>Unsere Kunden sind der Mittelpunkt unserer unternehmerischen T\u00e4tigkeit. H\u00f6chste Kundenorientierung bedeutet sich empathisch mit den Problemstellungen des Kunden zu identifizieren, um schnelle und nachhaltige L\u00f6sungen zu erarbeiten und umzusetzen. Der Erfolg unserer Kunden ist der Antrieb unseres Unternehmens.<\/p>\n<p>Miteinander reden, Menschen beteiligen, voneinander lernen, gemeinsam greifbare Ergebnisse schaffen.<\/p>\n<p>Wesentliche Erfolgsfaktoren erfolgreicher Projekte sind klare Auftr\u00e4ge, systematisches Vorgehen und gute Kommunikation nach innen und au\u00dfen. Projektteams auf diesem Weg zu begleiten und unterst\u00fctzen, begeistert uns seit vielen Jahren.<\/p>\n<p>Ziel unseres Unternehmens ist mit unseren Kunden gemeinsam nachhaltige Erfolge erzielen, individuelle L\u00f6sungen finden und einen Beitrag leisten, dass Menschen ihr Unternehmen und sich selbst mit Freude und Energie weiterentwickeln. Das Finden zur eigenen Kraft und St\u00e4rke legt unerkannte Potenziale frei.[\/vc_column_text][\/vc_column][vc_column bg_color=&#8220;#ffffff&#8220; width=&#8220;1\/3&#8243;]<div class=\"single_image wpb_content_element align-left    \" data-animation=\"none\" data-delay=\"0\"><a href=\"http:\/\/schmidtsolution.de\/2016\/?page_id=12805\" target=\"_self\"><img width=\"1920\" height=\"1280\" src=\"https:\/\/schmidtsolution.de\/2016\/wp-content\/uploads\/2014\/03\/Corinna_Schmidt_16.jpg\" class=\"attachment-full\" alt=\"\" decoding=\"async\" loading=\"lazy\" title=\"Corinna_Schmidt_16\" srcset=\"https:\/\/schmidtsolution.de\/2016\/wp-content\/uploads\/2014\/03\/Corinna_Schmidt_16.jpg 1920w, https:\/\/schmidtsolution.de\/2016\/wp-content\/uploads\/2014\/03\/Corinna_Schmidt_16-300x200.jpg 300w, https:\/\/schmidtsolution.de\/2016\/wp-content\/uploads\/2014\/03\/Corinna_Schmidt_16-768x512.jpg 768w, https:\/\/schmidtsolution.de\/2016\/wp-content\/uploads\/2014\/03\/Corinna_Schmidt_16-1024x683.jpg 1024w, https:\/\/schmidtsolution.de\/2016\/wp-content\/uploads\/2014\/03\/Corinna_Schmidt_16-600x400.jpg 600w\" sizes=\"(max-width: 1920px) 100vw, 1920px\" \/><\/a><\/div>[vc_column_text]Initiatorin, Treiberin, Querdenkerin, Vision\u00e4rin, Strategin, Moderatorin und der gute Geist &#8230; mit Bodenhaftung.<\/p>\n<p><a href=\"http:\/\/schmidtsolution.de\/2016\/?page_id=12805\">Erfahre hier mehr \u00fcber Dr.-Ing. Corinna Schmidt ..<\/a>[\/vc_column_text][\/vc_column][\/vc_row][vc_row text_color=&#8220;light&#8220; text_align=&#8220;center&#8220; top_padding=&#8220;50&#8243; bg_position=&#8220;left top&#8220;][vc_column width=&#8220;1\/1&#8243;]<h2 class=\"headline font-special fontsize-xl fontweight-700 lh-16 align-center transform-uppercase \" style=\"margin: 0 0 40px 0; color: #1cbac8;\">Was uns antreibt &#8230;<br \/>\n<\/h2><div class=\"headline font-inherit fontsize-l fontweight-inherit lh-inherit align-center transform-inherit \" style=\"margin: 0 0 20px 0; color: #5b5b5b;\">.. ist die stetige Neugier auf Ver\u00e4nderungen. Ver\u00e4nderungen bedeuteten Wandel und erfordern Aktion und Wendigkeit. Dies gilt nicht nur f\u00fcr die Organisation, sondern im besonderen Ma\u00df f\u00fcr die daran beteiligten Personen und die Entwicklung der eigenen Pers\u00f6nlichkeit.<\/div>[\/vc_column][\/vc_row][vc_row top_padding=&#8220;100&#8243; bg_position=&#8220;left top&#8220;][vc_column bg_image=&#8220;15847&#8243; column_padding=&#8220;padding-5&#8243; column_center=&#8220;true&#8220; width=&#8220;1\/3&#8243;]<div class=\"spacer\" style=\"height: 200px;\"><\/div>[\/vc_column][vc_column width=&#8220;1\/3&#8243;][vc_column_text]<\/p>\n<h6>Werte<\/h6>\n<p>Der Mensch steht im Mittelpunkt unserer Betrachtung. Ohne die Freude an der Arbeit miteinander und die Wertsch\u00e4tzung des Gegen\u00fcbers kann eine Beratung nicht erfolgreich sein.\u00a0Die Anforderung, die Probleme des Gesch\u00e4ftspartners nachhaltig zu l\u00f6sen, erfordert ein empathisches Verst\u00e4ndnis f\u00fcr die Situation von Organisation und Auftraggeber. Um dieses zu erlangen, ist Offenheit das erste Gebot. Das Vertrauen in uns, ist der Grundstein f\u00fcr den gemeinsamen Erfolg.[\/vc_column_text][\/vc_column][vc_column bg_image=&#8220;15848&#8243; column_padding=&#8220;padding-5&#8243; column_center=&#8220;true&#8220; width=&#8220;1\/3&#8243;]<div class=\"spacer\" style=\"height: 200px;\"><\/div>[\/vc_column][\/vc_row][vc_row bottom_padding=&#8220;100&#8243; bg_position=&#8220;left top&#8220;][vc_column width=&#8220;1\/3&#8243;][vc_column_text]<\/p>\n<h6>Erfahrungen<\/h6>\n<p>Es reicht nicht aus, sich im Leben um sich selbst zu drehen. Die Zusammenarbeit mit unterschiedlichen Menschen und Organisationen erweitert branchenunabh\u00e4ngig nicht nur den Wirkungskreis, sondern den interdisziplin\u00e4ren Horizont.[\/vc_column_text][\/vc_column][vc_column bg_color=&#8220;#1cbac8&#8243; bg_image=&#8220;15849&#8243; column_padding=&#8220;padding-5&#8243; column_center=&#8220;true&#8220; width=&#8220;1\/3&#8243;]<div class=\"spacer\" style=\"height: 200px;\"><\/div>[\/vc_column][vc_column width=&#8220;1\/3&#8243;][vc_column_text]<\/p>\n<h6>Netzwerk<\/h6>\n<p>Die Kooperation mit diversen Fachverb\u00e4nden und die enge Zusammenarbeit mit Fachhochschulen und Bildungstr\u00e4gern h\u00e4lt das eigene Unternehmen in Bewegung. Aktuelle Fragestellungen aus der Praxis und neue L\u00f6sungsans\u00e4tze erfordern st\u00e4ndige Pr\u00e4senz im Netzwerk.[\/vc_column_text][\/vc_column][\/vc_row][vc_row bg_color=&#8220;#1cbac8&#8243; text_color=&#8220;light&#8220; text_align=&#8220;center&#8220; top_padding=&#8220;50&#8243; bg_position=&#8220;left top&#8220;][vc_column width=&#8220;1\/1&#8243;]<h2 class=\"headline font-special fontsize-xl fontweight-700 lh-16 align-center transform-uppercase \" style=\"margin: 0 0 40px 0; color: #ffffff;\">Individuall\u00f6sungen<\/h2><div class=\"headline font-inherit fontsize-l fontweight-inherit lh-inherit align-center transform-inherit \" style=\"margin: 0 0 20px 0; color: #ffffff;\">So individuell wie die Problemstellungen unserer Klienten, so ureigen ist das Beschreiten eines L\u00f6sungswegs f\u00fcr dessen Anliegen. <\/div>[\/vc_column][\/vc_row][vc_row bg_color=&#8220;#1cbac8&#8243; text_color=&#8220;light&#8220; top_padding=&#8220;40&#8243; bottom_padding=&#8220;40&#8243; bg_position=&#8220;left top&#8220;][vc_column width=&#8220;1\/3&#8243;]<div class=\"iconbox  wpb_content_element iconbox-style-3 icon-color-greyscale color-dark\"><i class=\"fa sl-users boxicon\" style=\"\"><\/i><h3>Consulting<\/h3><p><strong>F\u00fchlen Sie sich gut beraten.<\/strong><\/p><\/div>[\/vc_column][vc_column width=&#8220;1\/3&#8243;]<div class=\"iconbox  wpb_content_element iconbox-style-3 icon-color-greyscale color-dark\"><i class=\"fa sl-flag boxicon\" style=\"\"><\/i><h3>Innovation<\/h3><p><strong>Erleben Sie sich neu.<\/strong><\/p><\/div>[\/vc_column][vc_column width=&#8220;1\/3&#8243;]<div class=\"iconbox  wpb_content_element iconbox-style-3 icon-color-greyscale color-dark\"><i class=\"fa sl-share boxicon\" style=\"\"><\/i><h3>Management<\/h3><p><strong>\u00dcberlassen Sie nichts dem Zufall.<\/strong><\/p><\/div>[\/vc_column][\/vc_row][vc_row text_color=&#8220;light&#8220; text_align=&#8220;center&#8220; top_padding=&#8220;50&#8243; bg_position=&#8220;left top&#8220;][vc_column width=&#8220;1\/1&#8243;]<h2 class=\"headline font-special fontsize-xl fontweight-700 lh-16 align-center transform-uppercase \" style=\"margin: 0 0 40px 0; color: #1cbac8;\">Qualit\u00e4t<br \/>\n<\/h2><div class=\"headline font-inherit fontsize-l fontweight-inherit lh-inherit align-center transform-inherit \" style=\"margin: 0 0 20px 0; color: #5b5b5b;\">&#8222;Es gibt nur einen Gradmesser f\u00fcr Qualit\u00e4t \u2013 die Zufriedenheit unserer Kunden!\u201c<\/div>[\/vc_column][\/vc_row][vc_row][vc_column width=&#8220;1\/4&#8243;]<div class=\"divider divider1\" style='margin:20px 0 30px 0 !important;'><\/div>[vc_column_text]Vernetzend zu denken ist die Voraussetzung zur Schaffung von Synergien und dem Nutzen entstehender Potenziale! Querdenken erfordert neue Strukturen. Wissen mehrt sich durch Teilung.[\/vc_column_text]<div class=\"divider divider1\" style='margin:20px 0 0 0 !important;'><\/div>[\/vc_column][vc_column width=&#8220;1\/4&#8243;]<div class=\"single_image wpb_content_element align-left    \" data-animation=\"none\" data-delay=\"0\"><a href=\"https:\/\/www.gpm-ipma.de\/startseite.html\" target=\"_blank\"><img width=\"600\" height=\"600\" src=\"https:\/\/schmidtsolution.de\/2016\/wp-content\/uploads\/2014\/03\/GPMlogo.jpg\" class=\"attachment-full\" alt=\"\" decoding=\"async\" loading=\"lazy\" title=\"GPMlogo\" srcset=\"https:\/\/schmidtsolution.de\/2016\/wp-content\/uploads\/2014\/03\/GPMlogo.jpg 600w, https:\/\/schmidtsolution.de\/2016\/wp-content\/uploads\/2014\/03\/GPMlogo-150x150.jpg 150w, https:\/\/schmidtsolution.de\/2016\/wp-content\/uploads\/2014\/03\/GPMlogo-300x300.jpg 300w, https:\/\/schmidtsolution.de\/2016\/wp-content\/uploads\/2014\/03\/GPMlogo-80x80.jpg 80w, https:\/\/schmidtsolution.de\/2016\/wp-content\/uploads\/2014\/03\/GPMlogo-500x500.jpg 500w\" sizes=\"(max-width: 600px) 100vw, 600px\" \/><\/a><\/div>[\/vc_column][vc_column width=&#8220;1\/4&#8243;]<div class=\"single_image wpb_content_element align-left    \" data-animation=\"none\" data-delay=\"0\"><a href=\"http:\/\/www.dgq.de\" target=\"_blank\"><img width=\"600\" height=\"600\" src=\"https:\/\/schmidtsolution.de\/2016\/wp-content\/uploads\/2014\/03\/DGQlogo.jpg\" class=\"attachment-full\" alt=\"\" decoding=\"async\" loading=\"lazy\" title=\"DGQlogo\" srcset=\"https:\/\/schmidtsolution.de\/2016\/wp-content\/uploads\/2014\/03\/DGQlogo.jpg 600w, https:\/\/schmidtsolution.de\/2016\/wp-content\/uploads\/2014\/03\/DGQlogo-150x150.jpg 150w, https:\/\/schmidtsolution.de\/2016\/wp-content\/uploads\/2014\/03\/DGQlogo-300x300.jpg 300w, https:\/\/schmidtsolution.de\/2016\/wp-content\/uploads\/2014\/03\/DGQlogo-80x80.jpg 80w, https:\/\/schmidtsolution.de\/2016\/wp-content\/uploads\/2014\/03\/DGQlogo-500x500.jpg 500w\" sizes=\"(max-width: 600px) 100vw, 600px\" \/><\/a><\/div>[\/vc_column][vc_column width=&#8220;1\/4&#8243;]<div class=\"single_image wpb_content_element align-left    \" data-animation=\"none\" data-delay=\"0\"><a href=\"http:\/\/hpi.de\" target=\"_blank\"><img width=\"600\" height=\"600\" src=\"https:\/\/schmidtsolution.de\/2016\/wp-content\/uploads\/2014\/03\/hpi-logo.jpg\" class=\"attachment-full\" alt=\"\" decoding=\"async\" loading=\"lazy\" title=\"hpi-logo\" srcset=\"https:\/\/schmidtsolution.de\/2016\/wp-content\/uploads\/2014\/03\/hpi-logo.jpg 600w, https:\/\/schmidtsolution.de\/2016\/wp-content\/uploads\/2014\/03\/hpi-logo-150x150.jpg 150w, https:\/\/schmidtsolution.de\/2016\/wp-content\/uploads\/2014\/03\/hpi-logo-300x300.jpg 300w, https:\/\/schmidtsolution.de\/2016\/wp-content\/uploads\/2014\/03\/hpi-logo-80x80.jpg 80w, https:\/\/schmidtsolution.de\/2016\/wp-content\/uploads\/2014\/03\/hpi-logo-500x500.jpg 500w\" sizes=\"(max-width: 600px) 100vw, 600px\" \/><\/a><\/div>[\/vc_column][\/vc_row]<\/p>\n","protected":false},"excerpt":{"rendered":"<p>[vc_row bg_image=&#8220;15853&#8243; bg_color=&#8220;#f9f9f9&#8243; top_padding=&#8220;290&#8243; bottom_padding=&#8220;200&#8243;][vc_column width=&#8220;1\/1&#8243;][\/vc_column][\/vc_row][vc_row top_padding=&#8220;50&#8243; bottom_padding=&#8220;0&#8243; bg_position=&#8220;center center&#8220;][vc_column width=&#8220;2\/3&#8243;][vc_column_text]Leitbild Unsere Kunden sind der Mittelpunkt unserer unternehmerischen T\u00e4tigkeit. H\u00f6chste Kundenorientierung bedeutet sich empathisch mit den Problemstellungen des Kunden zu identifizieren, um schnelle und nachhaltige L\u00f6sungen zu erarbeiten und umzusetzen. Der Erfolg unserer Kunden ist der Antrieb unseres Unternehmens. Miteinander reden, Menschen beteiligen, voneinander lernen, gemeinsam greifbare Ergebnisse schaffen. Wesentliche Erfolgsfaktoren erfolgreicher Projekte sind klare Auftr\u00e4ge, systematisches Vorgehen und gute Kommunikation nach innen und au\u00dfen. Projektteams auf diesem Weg zu begleiten und unterst\u00fctzen, begeistert uns seit vielen Jahren. Ziel unseres Unternehmens ist mit unseren Kunden gemeinsam nachhaltige Erfolge erzielen, individuelle L\u00f6sungen finden und einen Beitrag leisten, dass Menschen ihr Unternehmen und sich selbst mit Freude und Energie weiterentwickeln. Das Finden zur eigenen Kraft und St\u00e4rke legt unerkannte Potenziale frei.[\/vc_column_text][\/vc_column][vc_column bg_color=&#8220;#ffffff&#8220; width=&#8220;1\/3&#8243;][vc_column_text]Initiatorin, Treiberin, Querdenkerin, Vision\u00e4rin, Strategin, Moderatorin und der gute Geist &#8230; mit Bodenhaftung. Erfahre hier mehr \u00fcber Dr.-Ing. Corinna Schmidt ..[\/vc_column_text][\/vc_column][\/vc_row][vc_row text_color=&#8220;light&#8220; text_align=&#8220;center&#8220; top_padding=&#8220;50&#8243; bg_position=&#8220;left top&#8220;][vc_column width=&#8220;1\/1&#8243;][\/vc_column][\/vc_row][vc_row top_padding=&#8220;100&#8243; bg_position=&#8220;left top&#8220;][vc_column bg_image=&#8220;15847&#8243; column_padding=&#8220;padding-5&#8243; column_center=&#8220;true&#8220; width=&#8220;1\/3&#8243;][\/vc_column][vc_column width=&#8220;1\/3&#8243;][vc_column_text] Werte Der Mensch steht im Mittelpunkt unserer Betrachtung. Ohne die Freude an der Arbeit miteinander und die Wertsch\u00e4tzung des Gegen\u00fcbers kann eine Beratung nicht erfolgreich sein.\u00a0Die Anforderung, die Probleme des Gesch\u00e4ftspartners nachhaltig zu l\u00f6sen, erfordert [&hellip;]<\/p>\n","protected":false},"author":1,"featured_media":0,"parent":0,"menu_order":0,"comment_status":"open","ping_status":"closed","template":"","meta":[],"_links":{"self":[{"href":"https:\/\/schmidtsolution.de\/index.php?rest_route=\/wp\/v2\/pages\/5687"}],"collection":[{"href":"https:\/\/schmidtsolution.de\/index.php?rest_route=\/wp\/v2\/pages"}],"about":[{"href":"https:\/\/schmidtsolution.de\/index.php?rest_route=\/wp\/v2\/types\/page"}],"author":[{"embeddable":true,"href":"https:\/\/schmidtsolution.de\/index.php?rest_route=\/wp\/v2\/users\/1"}],"replies":[{"embeddable":true,"href":"https:\/\/schmidtsolution.de\/index.php?rest_route=%2Fwp%2Fv2%2Fcomments&post=5687"}],"version-history":[{"count":30,"href":"https:\/\/schmidtsolution.de\/index.php?rest_route=\/wp\/v2\/pages\/5687\/revisions"}],"predecessor-version":[{"id":16039,"href":"https:\/\/schmidtsolution.de\/index.php?rest_route=\/wp\/v2\/pages\/5687\/revisions\/16039"}],"wp:attachment":[{"href":"https:\/\/schmidtsolution.de\/index.php?rest_route=%2Fwp%2Fv2%2Fmedia&parent=5687"}],"curies":[{"name":"wp","href":"https:\/\/api.w.org\/{rel}","templated":true}]}}